{"id":449,"date":"2018-10-10T20:21:51","date_gmt":"2018-10-10T20:21:51","guid":{"rendered":"http:\/\/www.tin-hinane.org\/?page_id=449"},"modified":"2018-10-10T20:21:51","modified_gmt":"2018-10-10T20:21:51","slug":"protection-refugies-deplaces","status":"publish","type":"page","link":"http:\/\/www.tin-hinane.org\/index.php\/humanitaire\/droits-humains-2\/protection-refugies-deplaces\/","title":{"rendered":"Protection Refugi\u00e9s\/D\u00e9plac\u00e9s"},"content":{"rendered":"<p>De 2012 \u00e0 nos jours Tin Hinane est membre de la coordination humanitaire au Burkina Faso.<br \/>\nElle a men\u00e9e plusieurs activit\u00e9s dans ce cadre avec le partenariat du HCR, Conaref, FAO, Unicef et DRC.<\/p>\n","protected":false},"excerpt":{"rendered":"<p>De 2012 \u00e0 nos jours Tin Hinane est membre de la coordination humanitaire au Burkina Faso. Elle a men\u00e9e plusieurs activit\u00e9s dans ce cadre avec le partenariat du HCR, Conaref, FAO, Unicef et DRC.<\/p>\n","protected":false},"author":4,"featured_media":0,"parent":443,"menu_order":0,"comment_status":"closed","ping_status":"closed","template":"","meta":{"footnotes":""},"class_list":["post-449","page","type-page","status-publish","hentry"],"_links":{"self":[{"href":"http:\/\/www.tin-hinane.org\/index.php\/wp-json\/wp\/v2\/pages\/449","targetHints":{"allow":["GET"]}}],"collection":[{"href":"http:\/\/www.tin-hinane.org\/index.php\/wp-json\/wp\/v2\/pages"}],"about":[{"href":"http:\/\/www.tin-hinane.org\/index.php\/wp-json\/wp\/v2\/types\/page"}],"author":[{"embeddable":true,"href":"http:\/\/www.tin-hinane.org\/index.php\/wp-json\/wp\/v2\/users\/4"}],"replies":[{"embeddable":true,"href":"http:\/\/www.tin-hinane.org\/index.php\/wp-json\/wp\/v2\/comments?post=449"}],"version-history":[{"count":1,"href":"http:\/\/www.tin-hinane.org\/index.php\/wp-json\/wp\/v2\/pages\/449\/revisions"}],"predecessor-version":[{"id":450,"href":"http:\/\/www.tin-hinane.org\/index.php\/wp-json\/wp\/v2\/pages\/449\/revisions\/450"}],"up":[{"embeddable":true,"href":"http:\/\/www.tin-hinane.org\/index.php\/wp-json\/wp\/v2\/pages\/443"}],"wp:attachment":[{"href":"http:\/\/www.tin-hinane.org\/index.php\/wp-json\/wp\/v2\/media?parent=449"}],"curies":[{"name":"wp","href":"https:\/\/api.w.org\/{rel}","templated":true}]}}