{"id":418,"date":"2018-10-09T13:12:58","date_gmt":"2018-10-09T13:12:58","guid":{"rendered":"http:\/\/www.tin-hinane.org\/?page_id=418"},"modified":"2018-10-09T13:12:58","modified_gmt":"2018-10-09T13:12:58","slug":"biodiversite","status":"publish","type":"page","link":"http:\/\/www.tin-hinane.org\/index.php\/suitable-development\/environnement\/biodiversite\/","title":{"rendered":"Biodiversit\u00e9"},"content":{"rendered":"<p>Activit\u00e9 International\u00a0:<\/p>\n<p>Tin Hinane a particip\u00e9 aux n\u00e9gociations de la CBD en particulier sur l\u2019article 8 j. Elle a particip\u00e9 \u00e0 la cop 13, CBD, Mexico.<\/p>\n<p>Participation \u00e0 des ateliers et s\u00e9minaires\u00a0:<\/p>\n<p>Participation \u00e0 l\u2019\u00e9change de communaut\u00e9 \u00e0 communaut\u00e9 sur \u00a0le Protocole de Nagoya sur l&#8217;acc\u00e8s et le partage des avantages \u00a0\u00ab\u00a0APA\u00a0\u00bb et les connaissances traditionnelles \u00ab\u00a0TK \u00bbdu 3 au 8 septembre 2018 en Afrique du Sud<\/p>\n<p>Activit\u00e9 de terrain\u00a0:<\/p>\n<p><strong>\u00ab\u00a0Protection des esp\u00e8ces v\u00e9g\u00e9tales et animales dans la r\u00e9gion de l\u2019Oudalan (UICN pays Bas)\u00a0\u00bb 2006<\/strong><\/p>\n<p>Membre du comit\u00e9 de pilotage DGM, Burkina la repr\u00e9sentante de Tin Hinane participe aux activit\u00e9s de ce programme\u00a0 dans zones foresti\u00e8res du Burkina Faso couverte par le Programme d\u2019investissement forestier au Burkina Faso. Elles participent \u00e9galement \u00e0 certains ateliers, formations r\u00e9gionale dans le cadre du DGM r\u00e9gionale.<\/p>\n","protected":false},"excerpt":{"rendered":"<p>Activit\u00e9 International\u00a0: Tin Hinane a particip\u00e9 aux n\u00e9gociations de la CBD en particulier sur l\u2019article 8 j. Elle a particip\u00e9 \u00e0 la cop 13, CBD, Mexico. Participation \u00e0 des ateliers et s\u00e9minaires\u00a0: Participation \u00e0 l\u2019\u00e9change de communaut\u00e9 \u00e0 communaut\u00e9 sur<\/p>\n","protected":false},"author":3,"featured_media":0,"parent":414,"menu_order":0,"comment_status":"closed","ping_status":"closed","template":"","meta":{"footnotes":""},"class_list":["post-418","page","type-page","status-publish","hentry"],"_links":{"self":[{"href":"http:\/\/www.tin-hinane.org\/index.php\/wp-json\/wp\/v2\/pages\/418","targetHints":{"allow":["GET"]}}],"collection":[{"href":"http:\/\/www.tin-hinane.org\/index.php\/wp-json\/wp\/v2\/pages"}],"about":[{"href":"http:\/\/www.tin-hinane.org\/index.php\/wp-json\/wp\/v2\/types\/page"}],"author":[{"embeddable":true,"href":"http:\/\/www.tin-hinane.org\/index.php\/wp-json\/wp\/v2\/users\/3"}],"replies":[{"embeddable":true,"href":"http:\/\/www.tin-hinane.org\/index.php\/wp-json\/wp\/v2\/comments?post=418"}],"version-history":[{"count":1,"href":"http:\/\/www.tin-hinane.org\/index.php\/wp-json\/wp\/v2\/pages\/418\/revisions"}],"predecessor-version":[{"id":419,"href":"http:\/\/www.tin-hinane.org\/index.php\/wp-json\/wp\/v2\/pages\/418\/revisions\/419"}],"up":[{"embeddable":true,"href":"http:\/\/www.tin-hinane.org\/index.php\/wp-json\/wp\/v2\/pages\/414"}],"wp:attachment":[{"href":"http:\/\/www.tin-hinane.org\/index.php\/wp-json\/wp\/v2\/media?parent=418"}],"curies":[{"name":"wp","href":"https:\/\/api.w.org\/{rel}","templated":true}]}}