{"id":416,"date":"2018-10-09T13:12:05","date_gmt":"2018-10-09T13:12:05","guid":{"rendered":"http:\/\/www.tin-hinane.org\/?page_id=416"},"modified":"2018-10-09T13:12:05","modified_gmt":"2018-10-09T13:12:05","slug":"changement-climatique","status":"publish","type":"page","link":"http:\/\/www.tin-hinane.org\/index.php\/suitable-development\/environnement\/changement-climatique\/","title":{"rendered":"Changement climatique"},"content":{"rendered":"<p><u>\u00a0<\/u>Activit\u00e9 International\u00a0:<\/p>\n<p>Tin Hinane est membre de la constituante des peuples autochtones qui suit les activit\u00e9s de UNFCCC, elle est \u00e9galement membre de la constituante genre et climat qui participent aux r\u00e9unions de dialogue et de n\u00e9gociations des conf\u00e9rences des parties.<\/p>\n<p>Elle est membre du Forum International des peuples autochtones pour les changements climatique<\/p>\n<p>Membre de femme et climat<\/p>\n<p>Elle fait partie des membres fondateurs\u00a0 du r\u00e9seau Stakeholder Advisory Network on Climate Finance \u00ab\u00a0SAN\u00a0\u00bb<\/p>\n<p>Activit\u00e9 locales\u00a0:<\/p>\n<p>Elle participe \u00e9galement aux activit\u00e9s nationales \u00e0 travers la plateforme des OSC pour le d\u00e9veloppement durable et Reed + au Burkina ainsi qu\u2019\u00e0 travers son statut d\u2019observateur au Programme d\u2019investissement Forestier du CIF (PIF) et Finance climat (Fond vert climat, REED+ Fond de Carbonne et autres..).<\/p>\n<p>&nbsp;<\/p>\n","protected":false},"excerpt":{"rendered":"<p>\u00a0Activit\u00e9 International\u00a0: Tin Hinane est membre de la constituante des peuples autochtones qui suit les activit\u00e9s de UNFCCC, elle est \u00e9galement membre de la constituante genre et climat qui participent aux r\u00e9unions de dialogue et de n\u00e9gociations des conf\u00e9rences des<\/p>\n","protected":false},"author":3,"featured_media":0,"parent":414,"menu_order":0,"comment_status":"closed","ping_status":"closed","template":"","meta":{"footnotes":""},"class_list":["post-416","page","type-page","status-publish","hentry"],"_links":{"self":[{"href":"http:\/\/www.tin-hinane.org\/index.php\/wp-json\/wp\/v2\/pages\/416","targetHints":{"allow":["GET"]}}],"collection":[{"href":"http:\/\/www.tin-hinane.org\/index.php\/wp-json\/wp\/v2\/pages"}],"about":[{"href":"http:\/\/www.tin-hinane.org\/index.php\/wp-json\/wp\/v2\/types\/page"}],"author":[{"embeddable":true,"href":"http:\/\/www.tin-hinane.org\/index.php\/wp-json\/wp\/v2\/users\/3"}],"replies":[{"embeddable":true,"href":"http:\/\/www.tin-hinane.org\/index.php\/wp-json\/wp\/v2\/comments?post=416"}],"version-history":[{"count":1,"href":"http:\/\/www.tin-hinane.org\/index.php\/wp-json\/wp\/v2\/pages\/416\/revisions"}],"predecessor-version":[{"id":417,"href":"http:\/\/www.tin-hinane.org\/index.php\/wp-json\/wp\/v2\/pages\/416\/revisions\/417"}],"up":[{"embeddable":true,"href":"http:\/\/www.tin-hinane.org\/index.php\/wp-json\/wp\/v2\/pages\/414"}],"wp:attachment":[{"href":"http:\/\/www.tin-hinane.org\/index.php\/wp-json\/wp\/v2\/media?parent=416"}],"curies":[{"name":"wp","href":"https:\/\/api.w.org\/{rel}","templated":true}]}}