{"id":414,"date":"2018-10-09T13:09:35","date_gmt":"2018-10-09T13:09:35","guid":{"rendered":"http:\/\/www.tin-hinane.org\/?page_id=414"},"modified":"2018-10-09T13:09:35","modified_gmt":"2018-10-09T13:09:35","slug":"environnement","status":"publish","type":"page","link":"http:\/\/www.tin-hinane.org\/index.php\/suitable-development\/environnement\/","title":{"rendered":"Environnement"},"content":{"rendered":"<p>Depuis 2005 Tin Hinane s\u2019active dans le domaine de la protection de l\u2019environnement. Elle a d\u00e9velopp\u00e9 une troupe de th\u00e9\u00e2tre \u00e0 majorit\u00e9 compos\u00e9 de femmes membres de l\u2019association pour la sensibilisation sur la protection de l\u2019environnement, protection de la biodiversit\u00e9 et changement climatique.<\/p>\n<p>Th\u00e9\u00e2tre Forum sur la protection de l\u2019environnement intitul\u00e9 \u00ab\u00a0Poil du nez\u00a0\u00bb\u00a0 plus de 800 festivaliers en majorit\u00e9 les populations locales de la r\u00e9gion de Tombouctou, Gao et Kidal ont b\u00e9n\u00e9fici\u00e9 de l\u2019action de sensibilisation en 2004.<\/p>\n<p>&nbsp;<\/p>\n","protected":false},"excerpt":{"rendered":"<p>Depuis 2005 Tin Hinane s\u2019active dans le domaine de la protection de l\u2019environnement. Elle a d\u00e9velopp\u00e9 une troupe de th\u00e9\u00e2tre \u00e0 majorit\u00e9 compos\u00e9 de femmes membres de l\u2019association pour la sensibilisation sur la protection de l\u2019environnement, protection de la biodiversit\u00e9<\/p>\n","protected":false},"author":3,"featured_media":0,"parent":92,"menu_order":0,"comment_status":"closed","ping_status":"closed","template":"","meta":{"footnotes":""},"class_list":["post-414","page","type-page","status-publish","hentry"],"_links":{"self":[{"href":"http:\/\/www.tin-hinane.org\/index.php\/wp-json\/wp\/v2\/pages\/414","targetHints":{"allow":["GET"]}}],"collection":[{"href":"http:\/\/www.tin-hinane.org\/index.php\/wp-json\/wp\/v2\/pages"}],"about":[{"href":"http:\/\/www.tin-hinane.org\/index.php\/wp-json\/wp\/v2\/types\/page"}],"author":[{"embeddable":true,"href":"http:\/\/www.tin-hinane.org\/index.php\/wp-json\/wp\/v2\/users\/3"}],"replies":[{"embeddable":true,"href":"http:\/\/www.tin-hinane.org\/index.php\/wp-json\/wp\/v2\/comments?post=414"}],"version-history":[{"count":1,"href":"http:\/\/www.tin-hinane.org\/index.php\/wp-json\/wp\/v2\/pages\/414\/revisions"}],"predecessor-version":[{"id":415,"href":"http:\/\/www.tin-hinane.org\/index.php\/wp-json\/wp\/v2\/pages\/414\/revisions\/415"}],"up":[{"embeddable":true,"href":"http:\/\/www.tin-hinane.org\/index.php\/wp-json\/wp\/v2\/pages\/92"}],"wp:attachment":[{"href":"http:\/\/www.tin-hinane.org\/index.php\/wp-json\/wp\/v2\/media?parent=414"}],"curies":[{"name":"wp","href":"https:\/\/api.w.org\/{rel}","templated":true}]}}