{"id":400,"date":"2018-10-09T12:30:45","date_gmt":"2018-10-09T12:30:45","guid":{"rendered":"http:\/\/www.tin-hinane.org\/?page_id=400"},"modified":"2018-10-09T12:41:11","modified_gmt":"2018-10-09T12:41:11","slug":"jeunes","status":"publish","type":"page","link":"http:\/\/www.tin-hinane.org\/index.php\/suitable-development\/jeunes\/","title":{"rendered":"Jeunes"},"content":{"rendered":"<p>L\u2019association Tin Hinane \u00e0 \u00e9t\u00e9 fond\u00e9 par une majorit\u00e9 de jeune femmes.<\/p>\n<p>Ainsi les jeunes et les femmes representent au moin les 2\/3 dans chaque activit\u00e9s men\u00e9es par Tin Hinane.<\/p>\n<p>La coordinatrice de l\u2019association Tin Hinane, Sahel a repr\u00e9sent\u00e9 les jeunes autochtones lors de l\u2019ouverture officielle de l\u2019Instences permanente des Nations unies sur les peuples autochtones \u00e0 sa cr\u00e9ation en 2002.<\/p>\n<p>Par la suite plusieurs membres jeunes de l\u2019association ont particip\u00e9 aux sessions du m\u00e9canisme d\u2019experts des nations unies sur les peuples autochtones et l\u2019Instance Permanente des Nations Unies sur les Questions Autochtones.<\/p>\n<p>De 2013 \u00e0 nos jours une jeune membre de Tin Hinane, Mariam Walet Aboubakrine est experte membre de l\u2019Instance Permanente des Nations Unies sur les Questions Autochtones. Elle a eu l\u2019honneur de 2017 \u00e0 2018 d\u2019\u00eatre nomm\u00e9e pr\u00e9sidente de cette Instance des Nations Unies.<\/p>\n","protected":false},"excerpt":{"rendered":"<p>L\u2019association Tin Hinane \u00e0 \u00e9t\u00e9 fond\u00e9 par une majorit\u00e9 de jeune femmes. Ainsi les jeunes et les femmes representent au moin les 2\/3 dans chaque activit\u00e9s men\u00e9es par Tin Hinane. La coordinatrice de l\u2019association Tin Hinane, Sahel a repr\u00e9sent\u00e9 les<\/p>\n","protected":false},"author":3,"featured_media":0,"parent":92,"menu_order":0,"comment_status":"closed","ping_status":"closed","template":"","meta":{"footnotes":""},"class_list":["post-400","page","type-page","status-publish","hentry"],"_links":{"self":[{"href":"http:\/\/www.tin-hinane.org\/index.php\/wp-json\/wp\/v2\/pages\/400","targetHints":{"allow":["GET"]}}],"collection":[{"href":"http:\/\/www.tin-hinane.org\/index.php\/wp-json\/wp\/v2\/pages"}],"about":[{"href":"http:\/\/www.tin-hinane.org\/index.php\/wp-json\/wp\/v2\/types\/page"}],"author":[{"embeddable":true,"href":"http:\/\/www.tin-hinane.org\/index.php\/wp-json\/wp\/v2\/users\/3"}],"replies":[{"embeddable":true,"href":"http:\/\/www.tin-hinane.org\/index.php\/wp-json\/wp\/v2\/comments?post=400"}],"version-history":[{"count":3,"href":"http:\/\/www.tin-hinane.org\/index.php\/wp-json\/wp\/v2\/pages\/400\/revisions"}],"predecessor-version":[{"id":403,"href":"http:\/\/www.tin-hinane.org\/index.php\/wp-json\/wp\/v2\/pages\/400\/revisions\/403"}],"up":[{"embeddable":true,"href":"http:\/\/www.tin-hinane.org\/index.php\/wp-json\/wp\/v2\/pages\/92"}],"wp:attachment":[{"href":"http:\/\/www.tin-hinane.org\/index.php\/wp-json\/wp\/v2\/media?parent=400"}],"curies":[{"name":"wp","href":"https:\/\/api.w.org\/{rel}","templated":true}]}}