{"id":387,"date":"2018-10-09T12:09:52","date_gmt":"2018-10-09T12:09:52","guid":{"rendered":"http:\/\/www.tin-hinane.org\/?page_id=387"},"modified":"2018-10-09T12:21:56","modified_gmt":"2018-10-09T12:21:56","slug":"droits-humains","status":"publish","type":"page","link":"http:\/\/www.tin-hinane.org\/index.php\/suitable-development\/droits-humains\/","title":{"rendered":"Droits Humains"},"content":{"rendered":"<ul>\n<li>Peuples autochtones<\/li>\n<\/ul>\n<p>Groupe de Travail des Nations Unies sur les populations autochtones<\/p>\n<p>M\u00e9canismes d\u2019experts des Nations Unies sur les Droits des peuples autochtones<\/p>\n<p><a href=\"https:\/\/www.un.org\/development\/desa\/indigenous-peoples-fr\" target=\"_blank\" rel=\"noopener\">Instance Permanente des Nations sur les questions autochtones<\/a><\/p>\n<p>Groupe de travail de la commission Africaine des Droits de l\u2019homme et des peuples sur les communaut\u00e9s autochtones<\/p>\n<p>Renforcement de capacit\u00e9s\u00a0:<\/p>\n<p><strong>R\u00e9sultats\u00a0: <\/strong>5 membres du bureau ont \u00e9t\u00e9 form\u00e9s en \u00e9laboration, gestion, planification et suivi des projets. La permanente au bureau de coordination de Bamako a en plus b\u00e9n\u00e9fici\u00e9 de formation en secr\u00e9tariat. Les 5 membres form\u00e9es ont d\u00e9multipli\u00e9 les connaissances et comp\u00e9tences acquises au niveau des r\u00e9gions.<\/p>\n<ul>\n<li>Atelier international sur le multiculturalisme et les droits de l\u2019homme a \u00e9t\u00e9 organis\u00e9 par Tin Hinane en partenariat avec le Haut-Commissariat aux Droit de l\u2019homme des Nations Unies \u00e0 Kidal en 2001<\/li>\n<\/ul>\n<p>Une quinzaine de participants dont \u00e9trangers y compris des autochtones d\u2019Afrique, la majorit\u00e9 sont de Kidal et des organisations de la soci\u00e9t\u00e9 civile malienne du Sud.<\/p>\n<p>Un cours a \u00e9t\u00e9\u00a0 organis\u00e9 par Tin Hinane en 2005 avec le Haut-commissariat des Droits de l\u2019Homme des Nations au profit des communaut\u00e9s pastoral autochtones de la r\u00e9gion de Tombouctou<\/p>\n<p>R\u00e9sultat\u00a0:<\/p>\n<p>Une Quarantaine de participants cadres, \u00e9leveurs, enseignants, notables issues\u00a0 de diff\u00e9rentes communes de la r\u00e9gion de Tombouctou ont b\u00e9n\u00e9fici\u00e9\u00a0 de formations\u00a0 sur les instruments juridiques Maliens,\u00a0 et internationaux y compris sur les droits des peuples autochtones et les femmes, la citoyennet\u00e9.<\/p>\n<p>Les cours ont \u00e9t\u00e9 assur\u00e9s par l\u2019APPDH, MALI, le haut-commissariat au Droit de l\u2019homme et Tin Hinane.<\/p>\n<p>&nbsp;<\/p>\n","protected":false},"excerpt":{"rendered":"<p>Peuples autochtones Groupe de Travail des Nations Unies sur les populations autochtones M\u00e9canismes d\u2019experts des Nations Unies sur les Droits des peuples autochtones Instance Permanente des Nations sur les questions autochtones Groupe de travail de la commission Africaine des Droits<\/p>\n","protected":false},"author":3,"featured_media":0,"parent":92,"menu_order":0,"comment_status":"closed","ping_status":"closed","template":"","meta":{"footnotes":""},"class_list":["post-387","page","type-page","status-publish","hentry"],"_links":{"self":[{"href":"http:\/\/www.tin-hinane.org\/index.php\/wp-json\/wp\/v2\/pages\/387","targetHints":{"allow":["GET"]}}],"collection":[{"href":"http:\/\/www.tin-hinane.org\/index.php\/wp-json\/wp\/v2\/pages"}],"about":[{"href":"http:\/\/www.tin-hinane.org\/index.php\/wp-json\/wp\/v2\/types\/page"}],"author":[{"embeddable":true,"href":"http:\/\/www.tin-hinane.org\/index.php\/wp-json\/wp\/v2\/users\/3"}],"replies":[{"embeddable":true,"href":"http:\/\/www.tin-hinane.org\/index.php\/wp-json\/wp\/v2\/comments?post=387"}],"version-history":[{"count":3,"href":"http:\/\/www.tin-hinane.org\/index.php\/wp-json\/wp\/v2\/pages\/387\/revisions"}],"predecessor-version":[{"id":392,"href":"http:\/\/www.tin-hinane.org\/index.php\/wp-json\/wp\/v2\/pages\/387\/revisions\/392"}],"up":[{"embeddable":true,"href":"http:\/\/www.tin-hinane.org\/index.php\/wp-json\/wp\/v2\/pages\/92"}],"wp:attachment":[{"href":"http:\/\/www.tin-hinane.org\/index.php\/wp-json\/wp\/v2\/media?parent=387"}],"curies":[{"name":"wp","href":"https:\/\/api.w.org\/{rel}","templated":true}]}}