{"id":331,"date":"2018-10-08T18:57:46","date_gmt":"2018-10-08T18:57:46","guid":{"rendered":"http:\/\/www.tin-hinane.org\/?page_id=331"},"modified":"2018-10-09T11:54:17","modified_gmt":"2018-10-09T11:54:17","slug":"securite-alimentaire","status":"publish","type":"page","link":"http:\/\/www.tin-hinane.org\/index.php\/securite-alimentaire\/","title":{"rendered":"Securite Alimentaire et Nutrition"},"content":{"rendered":"<p>R\u00e9seautage et activit\u00e9s\u00a0 internationales\u00a0:<\/p>\n<ul>\n<li>Tin Hinane a \u00e9t\u00e9 membre du CSM (Comit\u00e9 mondiale de la s\u00e9curit\u00e9 alimentaire, elle est membre du Forum Mondiale des organisations de la soci\u00e9t\u00e9 civile qui suivent le Comit\u00e9 Mondiale de la s\u00e9curit\u00e9 alimentaire (CSA). Elle est membre de slow food \u00e0 travers la sentinelle Kata de Tombouctou.<\/li>\n<li>Activit\u00e9s de terrain\u00a0:<\/li>\n<\/ul>\n<p>Appui au programme s\u00e9curit\u00e9 alimentaire des populations et du cheptel en zone nomade\u00a0\u00a0 Commune de Salam et Ber, Cercle de Tombouctou (PNST)\u00a0 pour la prise en compte du genre avec l\u2019appui financier de Coop\u00e9ration Suisse Mali de 2009 \u00e0 20012<\/p>\n","protected":false},"excerpt":{"rendered":"<p>R\u00e9seautage et activit\u00e9s\u00a0 internationales\u00a0: Tin Hinane a \u00e9t\u00e9 membre du CSM (Comit\u00e9 mondiale de la s\u00e9curit\u00e9 alimentaire, elle est membre du Forum Mondiale des organisations de la soci\u00e9t\u00e9 civile qui suivent le Comit\u00e9 Mondiale de la s\u00e9curit\u00e9 alimentaire (CSA). Elle<\/p>\n","protected":false},"author":5,"featured_media":0,"parent":0,"menu_order":0,"comment_status":"closed","ping_status":"closed","template":"","meta":{"footnotes":""},"class_list":["post-331","page","type-page","status-publish","hentry"],"_links":{"self":[{"href":"http:\/\/www.tin-hinane.org\/index.php\/wp-json\/wp\/v2\/pages\/331","targetHints":{"allow":["GET"]}}],"collection":[{"href":"http:\/\/www.tin-hinane.org\/index.php\/wp-json\/wp\/v2\/pages"}],"about":[{"href":"http:\/\/www.tin-hinane.org\/index.php\/wp-json\/wp\/v2\/types\/page"}],"author":[{"embeddable":true,"href":"http:\/\/www.tin-hinane.org\/index.php\/wp-json\/wp\/v2\/users\/5"}],"replies":[{"embeddable":true,"href":"http:\/\/www.tin-hinane.org\/index.php\/wp-json\/wp\/v2\/comments?post=331"}],"version-history":[{"count":3,"href":"http:\/\/www.tin-hinane.org\/index.php\/wp-json\/wp\/v2\/pages\/331\/revisions"}],"predecessor-version":[{"id":385,"href":"http:\/\/www.tin-hinane.org\/index.php\/wp-json\/wp\/v2\/pages\/331\/revisions\/385"}],"wp:attachment":[{"href":"http:\/\/www.tin-hinane.org\/index.php\/wp-json\/wp\/v2\/media?parent=331"}],"curies":[{"name":"wp","href":"https:\/\/api.w.org\/{rel}","templated":true}]}}