{"id":21,"date":"2018-10-04T10:19:12","date_gmt":"2018-10-04T08:19:12","guid":{"rendered":"http:\/\/www.tin-hinane.org\/?page_id=21"},"modified":"2018-10-05T21:07:30","modified_gmt":"2018-10-05T21:07:30","slug":"a-propos-de-nous","status":"publish","type":"page","link":"http:\/\/www.tin-hinane.org\/index.php\/a-propos-de-nous\/","title":{"rendered":"Qui somme nous?"},"content":{"rendered":"<p><span style=\"font-family: Times New Roman, serif;\"><span style=\"font-size: medium;\"><span style=\"font-family: Calibri, serif;\"><span style=\"font-size: small;\"><span lang=\"fr-CH\">L\u2019association pour l\u2019\u00e9panouissement des femmes nomades (Tin Hinane) a \u00e9t\u00e9<\/span><\/span><\/span> <span style=\"font-family: Calibri, serif;\"><span style=\"font-size: small;\"><span lang=\"fr-CH\">enregistr\u00e9e en 1997 au Burkina Faso, au Mali en 2003, au Niger en 2005 et au Canada en 2016.<\/span><\/span><\/span><\/span><\/span><\/p>\n<p align=\"justify\"><span style=\"font-family: Calibri, serif;\"><span style=\"font-size: small;\"><span lang=\"fr-CH\">Tin Hinane a de plus en plus orient\u00e9 ses interventions vers le d\u00e9veloppement communautaire tout en assistant les populations en cas de crises ou de catastrophe naturelles. Globalement, l\u2019association fonde son action sur le d\u00e9veloppement locale int\u00e9gr\u00e9, l\u2019humanitaire et le plaidoyer au profit des femmes, les populations pastorales et autres groupes vuln\u00e9rables. <\/span><\/span><\/span><\/p>\n<p align=\"justify\"><span style=\"font-family: Calibri, serif;\"><span style=\"font-size: small;\"><span lang=\"fr-CH\">TIN HINANE a \u00e9t\u00e9 fond\u00e9e en 1994 avant l\u2019\u00e9tape de l\u00e9galisation au Burkina Faso pour venir en aide aux femmes refugi\u00e9s maliennes et nig\u00e9riennes du milieu pastorale au Burkina Faso. Elle est sans but lucratif, ni affiliation politique ou confessionnelle.<\/span><\/span><\/span><\/p>\n","protected":false},"excerpt":{"rendered":"<p>L\u2019association pour l\u2019\u00e9panouissement des femmes nomades (Tin Hinane) a \u00e9t\u00e9 enregistr\u00e9e en 1997 au Burkina Faso, au Mali en 2003, au Niger en 2005 et au Canada en 2016. Tin Hinane a de plus en plus orient\u00e9 ses interventions vers<\/p>\n","protected":false},"author":5,"featured_media":0,"parent":0,"menu_order":0,"comment_status":"closed","ping_status":"closed","template":"","meta":{"footnotes":""},"class_list":["post-21","page","type-page","status-publish","hentry"],"_links":{"self":[{"href":"http:\/\/www.tin-hinane.org\/index.php\/wp-json\/wp\/v2\/pages\/21","targetHints":{"allow":["GET"]}}],"collection":[{"href":"http:\/\/www.tin-hinane.org\/index.php\/wp-json\/wp\/v2\/pages"}],"about":[{"href":"http:\/\/www.tin-hinane.org\/index.php\/wp-json\/wp\/v2\/types\/page"}],"author":[{"embeddable":true,"href":"http:\/\/www.tin-hinane.org\/index.php\/wp-json\/wp\/v2\/users\/5"}],"replies":[{"embeddable":true,"href":"http:\/\/www.tin-hinane.org\/index.php\/wp-json\/wp\/v2\/comments?post=21"}],"version-history":[{"count":8,"href":"http:\/\/www.tin-hinane.org\/index.php\/wp-json\/wp\/v2\/pages\/21\/revisions"}],"predecessor-version":[{"id":290,"href":"http:\/\/www.tin-hinane.org\/index.php\/wp-json\/wp\/v2\/pages\/21\/revisions\/290"}],"wp:attachment":[{"href":"http:\/\/www.tin-hinane.org\/index.php\/wp-json\/wp\/v2\/media?parent=21"}],"curies":[{"name":"wp","href":"https:\/\/api.w.org\/{rel}","templated":true}]}}