{"id":191,"date":"2018-10-05T13:02:44","date_gmt":"2018-10-05T13:02:44","guid":{"rendered":"http:\/\/www.tin-hinane.org\/?page_id=191"},"modified":"2018-10-08T19:56:31","modified_gmt":"2018-10-08T19:56:31","slug":"nos-missions","status":"publish","type":"page","link":"http:\/\/www.tin-hinane.org\/index.php\/nos-missions\/","title":{"rendered":"Nos missions"},"content":{"rendered":"<p><strong>Renforcer les capacit\u00e9s de rel\u00e8vement et de r\u00e9silience des communaut\u00e9s vuln\u00e9rables et groupes de populations\u00a0par\u00a0:<\/strong><\/p>\n<hr \/>\n<p>La facilitation d\u2019un meilleur acc\u00e8s aux moyens de production et de subsistance\u00a0;<br \/>\nLa promotion d\u2019un environnement propice \u00e0 la cr\u00e9ation d\u2019une cha\u00eene de valeur ajout\u00e9e\u00a0;<br \/>\nLa protection de l\u2019environnement et lutte contre les effets des changements climatiques<br \/>\nL\u2019appui \u00e0 la protection de la biodiversit\u00e9 \u00e0 travers le renforcement des capacit\u00e9s des populations, la sensibilisation, l\u2019identification et la valorisation des plantes utilitaires\u00a0;<br \/>\nLa promotion de l\u2019\u00e9conomie locale et familiale notamment rurale \u00e0 travers un meilleur acc\u00e8s \u00e0 la micro finance ;<\/p>\n<hr \/>\n<p><strong>Promouvoir les droits humains et plus particuli\u00e8rement ceux des groupes vuln\u00e9rables par\u00a0:<\/strong><\/p>\n<hr \/>\n<p>La promotion de l\u2019acc\u00e8s, du maintien et de la r\u00e9ussite scolaire des enfants et plus particuli\u00e8rement des filles\u00a0;<br \/>\nLa promotion de l\u2019acc\u00e8s \u00e0 l\u2019information et aux services sanitaires des groupes vuln\u00e9rables notamment les femmes et les enfants\u00a0;<br \/>\nLa lutte contre les Violences Bas\u00e9es sur le Genre (VBG), les Maladies sexuellement transmissible.<\/p>\n<hr \/>\n<p><strong>Renforcer les capacit\u00e9s des communaut\u00e9s en vue de leur autonomisation socio\u00e9conomique par :<\/strong><\/p>\n<hr \/>\n<p>L\u2019\u00e9ducation en Droit humains et la dynamisation des organisations des femmes ;<br \/>\nla capacitation des communaut\u00e9s \u00e0 la base \u00e0 travers l\u2019alphab\u00e9tisation et les Formations Techniques Sp\u00e9cifiques\u00a0;<br \/>\nLe renforcement des capacit\u00e9s de maitrise des technologies et des capacit\u00e9s de gestion de la production\u00a0;<br \/>\nLa formation des organisations des femmes et des jeunes \u00e0 la vie associative, gestions des conflits, coh\u00e9sion sociale, paix.<br \/>\nLe plaidoyer, la sensibilisation et la communication, capitalisation des acquites des projets ex\u00e9cut\u00e9s.<br \/>\n<strong>Les cibles\u00a0:<\/strong><br \/>\nCommunaut\u00e9s vuln\u00e9rables et groupes de populations\u00a0sp\u00e9cifiques tels que les paysans, les peuples autochtones, les \u00e9leveurs traditionnelles, les personnes r\u00e9fugi\u00e9es\/d\u00e9plac\u00e9s, les femmes, les handicap\u00e9s, les jeunes, les enfants.<br \/>\nLes d\u00e9cideurs et \u00e9lus locaux, les leaders d\u2019opinions, les services techniques.<\/p>\n<hr \/>\n<p><strong>R\u00e9seautage\u00a0:<\/strong><\/p>\n<hr \/>\n<p>Le r\u00e9seautage \u00e0 travers l\u2019association fond\u00e9e dans les 3 pays du sahel (Mali, Niger, Burkina, Canada) Tin Hinane en plus d\u2019\u00eatre membre des r\u00e9seaux d\u2019organisations pastorales du Sahel et du Monde \u00e0 cr\u00e9er une plateforme de femme pastorales qui s\u2019appuie sur ces structures et membres dans les diff\u00e9rentes r\u00e9gions et pays.<br \/>\nMembre de la plate forme OSCS pour le d\u00e9veloppement durable et REED du Burkina Faso.<br \/>\nMembre du FORUM Internationale des femmes autochtones.<br \/>\nMembre du r\u00e9seau des peuples autochtones d\u2019Afrique (AIPN).<br \/>\nMembres du r\u00e9seau international des observateurs des fonds changement climatique (SAN).<br \/>\nTin Hinane a \u00e9t\u00e9 membre du CSM (Comit\u00e9 mondiale de la s\u00e9curit\u00e9 alimentaire, elle est membre du Forum Mondiale des organisations de la soci\u00e9t\u00e9 civile qui suivent le Comit\u00e9 Mondiale de la s\u00e9curit\u00e9 alimentaire (CSA). Elle est membre de slow food \u00e0 travers la sentinelle Katta de Tombouctou et Gao.<br \/>\nTin Hinane participe aux n\u00e9gociations sur les changements climatique qui ont abouti \u00e0 l\u2019accord de Paris cop 21, elle continue \u00e0 suivre ce processus. elle suit ce processus.<br \/>\nTin Hinane est membre Fondatrice d\u2019un r\u00e9seau sah\u00e9lien transfrontalier (Mali, Burkina) de femme et Paix fond\u00e9 \u00e0 travers un projet appuy\u00e9 par l\u2019Union europ\u00e9enne en partenariat avec Handicap international pour une meilleure implication des femmes dans les initiatives de paix (FORCE) de 2014 \u00e0 2016.<\/p>\n<hr \/>\n<p><strong>Les services techniques d\u00e9concentr\u00e9s et les communes:<\/strong><\/p>\n<hr \/>\n<p>Elle a appuy\u00e9 le programme s\u00e9curit\u00e9 alimentaire au profit des communes de Tombouctou, Ber et Salam de 2009 \u00e0 2012 en partenariat avec la coop\u00e9ration Suisse.<br \/>\nTin Hinane a appuy\u00e9 les services techniques et communes du Sahel Burkinab\u00e9 \u00e0 travers un projet de renforcement de capacit\u00e9\u00a0 sur le genre, droits humaines, plaidoyer et communication \u00e0 travers le financement du Fond commun Genre ( FCG).<br \/>\nElle apporte son assistance aux personnes r\u00e9fugi\u00e9es, d\u00e9plac\u00e9s et personnes sinistr\u00e9es par<br \/>\nle secours d\u2019urgence, les activit\u00e9s de d\u00e9veloppement communautaire d\u2019accompagnement.<\/p>\n","protected":false},"excerpt":{"rendered":"<p>Renforcer les capacit\u00e9s de rel\u00e8vement et de r\u00e9silience des communaut\u00e9s vuln\u00e9rables et groupes de populations\u00a0par\u00a0: La facilitation d\u2019un meilleur acc\u00e8s aux moyens de production et de subsistance\u00a0; La promotion d\u2019un environnement propice \u00e0 la cr\u00e9ation d\u2019une cha\u00eene de valeur ajout\u00e9e\u00a0;<\/p>\n","protected":false},"author":5,"featured_media":0,"parent":0,"menu_order":0,"comment_status":"closed","ping_status":"closed","template":"","meta":{"footnotes":""},"class_list":["post-191","page","type-page","status-publish","hentry"],"_links":{"self":[{"href":"http:\/\/www.tin-hinane.org\/index.php\/wp-json\/wp\/v2\/pages\/191","targetHints":{"allow":["GET"]}}],"collection":[{"href":"http:\/\/www.tin-hinane.org\/index.php\/wp-json\/wp\/v2\/pages"}],"about":[{"href":"http:\/\/www.tin-hinane.org\/index.php\/wp-json\/wp\/v2\/types\/page"}],"author":[{"embeddable":true,"href":"http:\/\/www.tin-hinane.org\/index.php\/wp-json\/wp\/v2\/users\/5"}],"replies":[{"embeddable":true,"href":"http:\/\/www.tin-hinane.org\/index.php\/wp-json\/wp\/v2\/comments?post=191"}],"version-history":[{"count":7,"href":"http:\/\/www.tin-hinane.org\/index.php\/wp-json\/wp\/v2\/pages\/191\/revisions"}],"predecessor-version":[{"id":351,"href":"http:\/\/www.tin-hinane.org\/index.php\/wp-json\/wp\/v2\/pages\/191\/revisions\/351"}],"wp:attachment":[{"href":"http:\/\/www.tin-hinane.org\/index.php\/wp-json\/wp\/v2\/media?parent=191"}],"curies":[{"name":"wp","href":"https:\/\/api.w.org\/{rel}","templated":true}]}}