{"id":185,"date":"2018-10-05T13:00:39","date_gmt":"2018-10-05T13:00:39","guid":{"rendered":"http:\/\/www.tin-hinane.org\/?page_id=185"},"modified":"2018-10-18T08:50:40","modified_gmt":"2018-10-18T08:50:40","slug":"index-php","status":"publish","type":"page","link":"http:\/\/www.tin-hinane.org\/index.php\/index-php\/","title":{"rendered":"Accueil"},"content":{"rendered":"<p class=\"western\" lang=\"fr-FR\" align=\"justify\"><span lang=\"fr-CH\">Cr\u00e9\u00e9e en 1997 dans un contexte d\u2019afflux de r\u00e9fugi\u00e9s maliens et nig\u00e9riens au Burkina Faso afin d\u2019apporter son soutien \u00e0 toutes ces personnes d\u00e9plac\u00e9es, Tin Hinane (Association pour l&#8217;Epanouissement des Femmes Nomades) fonde son action sur les droits humains et plus sp\u00e9cifiquement, sur les Droits de la Femme, de l\u2019enfant et les droits des Peuples Autochtones et minorit\u00e9s. <\/span><\/p>\n<p class=\"western\" lang=\"fr-FR\" align=\"justify\">Tin Hinane regroupe ainsi pr\u00e8s de 1000 membres r\u00e9partis sur ces trois pays (Burkina Faso, Niger et Mali).<\/p>\n","protected":false},"excerpt":{"rendered":"<p>Cr\u00e9\u00e9e en 1997 dans un contexte d\u2019afflux de r\u00e9fugi\u00e9s maliens et nig\u00e9riens au Burkina Faso afin d\u2019apporter son soutien \u00e0 toutes ces personnes d\u00e9plac\u00e9es, Tin Hinane (Association pour l&#8217;Epanouissement des Femmes Nomades) fonde son action sur les droits humains et<\/p>\n","protected":false},"author":5,"featured_media":0,"parent":0,"menu_order":0,"comment_status":"closed","ping_status":"closed","template":"","meta":{"footnotes":""},"class_list":["post-185","page","type-page","status-publish","hentry"],"_links":{"self":[{"href":"http:\/\/www.tin-hinane.org\/index.php\/wp-json\/wp\/v2\/pages\/185","targetHints":{"allow":["GET"]}}],"collection":[{"href":"http:\/\/www.tin-hinane.org\/index.php\/wp-json\/wp\/v2\/pages"}],"about":[{"href":"http:\/\/www.tin-hinane.org\/index.php\/wp-json\/wp\/v2\/types\/page"}],"author":[{"embeddable":true,"href":"http:\/\/www.tin-hinane.org\/index.php\/wp-json\/wp\/v2\/users\/5"}],"replies":[{"embeddable":true,"href":"http:\/\/www.tin-hinane.org\/index.php\/wp-json\/wp\/v2\/comments?post=185"}],"version-history":[{"count":11,"href":"http:\/\/www.tin-hinane.org\/index.php\/wp-json\/wp\/v2\/pages\/185\/revisions"}],"predecessor-version":[{"id":523,"href":"http:\/\/www.tin-hinane.org\/index.php\/wp-json\/wp\/v2\/pages\/185\/revisions\/523"}],"wp:attachment":[{"href":"http:\/\/www.tin-hinane.org\/index.php\/wp-json\/wp\/v2\/media?parent=185"}],"curies":[{"name":"wp","href":"https:\/\/api.w.org\/{rel}","templated":true}]}}