{"id":105,"date":"2018-10-04T09:46:48","date_gmt":"2018-10-04T09:46:48","guid":{"rendered":"http:\/\/www.tin-hinane.org\/?page_id=105"},"modified":"2018-10-09T11:49:47","modified_gmt":"2018-10-09T11:49:47","slug":"health","status":"publish","type":"page","link":"http:\/\/www.tin-hinane.org\/index.php\/suitable-development\/health\/","title":{"rendered":"Sant\u00e9 et Nutrition"},"content":{"rendered":"<p>Ex\u00e9cution d\u2019une \u00e9tude sur la sant\u00e9 nomade au Sahel Burkinab\u00e9 en partenariat avec l\u2019OMS, Gen\u00e8ve en 2002.<\/p>\n<p>Projet de sensibilisation sur la nutrition en partenariat avec l\u2019UNICEF en 2007 au Burkina Faso<\/p>\n<p>Le projet comprend un volet de sensibilisation sur la malnutrition des enfants intitul\u00e9 \u00ab\u00a0Maman mon corps \u00e0 fin \u00bb<\/p>\n<ul>\n<li>Participation au Festival touar\u00e8gue Essakan Edition 2004, Commune de Farach<\/li>\n<\/ul>\n<p>Tombouctou (D\u00e9fil\u00e9 de mode, Forum et projection de film documentaire sur l\u2019intervention du FIDA au Nord Mali, salon de th\u00e9 et d\u00e9bats sur des questions de s\u00e9curit\u00e9 alimentaire et d\u00e9veloppement, culture, scolarisation des filles et droits humains).<\/p>\n","protected":false},"excerpt":{"rendered":"<p>Ex\u00e9cution d\u2019une \u00e9tude sur la sant\u00e9 nomade au Sahel Burkinab\u00e9 en partenariat avec l\u2019OMS, Gen\u00e8ve en 2002. Projet de sensibilisation sur la nutrition en partenariat avec l\u2019UNICEF en 2007 au Burkina Faso Le projet comprend un volet de sensibilisation sur<\/p>\n","protected":false},"author":5,"featured_media":0,"parent":92,"menu_order":0,"comment_status":"closed","ping_status":"closed","template":"","meta":{"footnotes":""},"class_list":["post-105","page","type-page","status-publish","hentry"],"_links":{"self":[{"href":"http:\/\/www.tin-hinane.org\/index.php\/wp-json\/wp\/v2\/pages\/105","targetHints":{"allow":["GET"]}}],"collection":[{"href":"http:\/\/www.tin-hinane.org\/index.php\/wp-json\/wp\/v2\/pages"}],"about":[{"href":"http:\/\/www.tin-hinane.org\/index.php\/wp-json\/wp\/v2\/types\/page"}],"author":[{"embeddable":true,"href":"http:\/\/www.tin-hinane.org\/index.php\/wp-json\/wp\/v2\/users\/5"}],"replies":[{"embeddable":true,"href":"http:\/\/www.tin-hinane.org\/index.php\/wp-json\/wp\/v2\/comments?post=105"}],"version-history":[{"count":3,"href":"http:\/\/www.tin-hinane.org\/index.php\/wp-json\/wp\/v2\/pages\/105\/revisions"}],"predecessor-version":[{"id":383,"href":"http:\/\/www.tin-hinane.org\/index.php\/wp-json\/wp\/v2\/pages\/105\/revisions\/383"}],"up":[{"embeddable":true,"href":"http:\/\/www.tin-hinane.org\/index.php\/wp-json\/wp\/v2\/pages\/92"}],"wp:attachment":[{"href":"http:\/\/www.tin-hinane.org\/index.php\/wp-json\/wp\/v2\/media?parent=105"}],"curies":[{"name":"wp","href":"https:\/\/api.w.org\/{rel}","templated":true}]}}