{"id":102,"date":"2018-10-04T09:45:44","date_gmt":"2018-10-04T09:45:44","guid":{"rendered":"http:\/\/www.tin-hinane.org\/?page_id=102"},"modified":"2018-10-09T11:56:44","modified_gmt":"2018-10-09T11:56:44","slug":"education","status":"publish","type":"page","link":"http:\/\/www.tin-hinane.org\/index.php\/suitable-development\/education\/","title":{"rendered":"Education (Formelle et non formelle, communication, information, visibilit\u00e9)"},"content":{"rendered":"<p><strong>Formation et plaidoyer pour la scolarisation des filles <\/strong><\/p>\n<p>Renforcement des capacit\u00e9s\u00a0 de 30\u00a0 animatrices\u00a0 form\u00e9es par Tin Hinane en alphab\u00e9tisation et sensibilisation\u00a0 \u00e0 travers le th\u00e9\u00e2tre forum des communaut\u00e9s pastorales sur l\u2019int\u00e9r\u00eat de la scolarisation des filles.\u00a0 Cr\u00e9ation de la pi\u00e8ce de th\u00e9\u00e2tre\u00a0 <strong>\u00ab\u00a0 Leila et ses 7 vaches\u00a0 \u00bb <\/strong><\/p>\n<p>La population touch\u00e9e par la sensibilisation est estim\u00e9e \u00e0 2000 personnes, la troupe \u00e0 tourn\u00e9es dans 5 villages. La troupe a \u00e9t\u00e9 sollicit\u00e9 par plusieurs programmes d\u2019alphab\u00e9tisation et scolarisation des enfants par la suite au Sahel du Burkina Faso.<\/p>\n<p>Partenaires\u00a0financiers\u00a0: Coop\u00e9ration Suisse et UNICEF<\/p>\n<p><strong>Lutte contre la pauvret\u00e9 \u00e0 travers l\u2019alphab\u00e9tisation et la formation en m\u00e9tiers des femmes <\/strong><\/p>\n<ul>\n<li>300 Femmes alphab\u00e9tis\u00e9es<\/li>\n<li>Formation organisationnelle et institutionnelles de dix groupements<\/li>\n<li>10 groupements de 30 femmes chacun ont \u00e9t\u00e9 form\u00e9s en m\u00e9tiers (Teintures, maroquineries, vannerie, bijouterie, s\u00e9chage de viande, transformation de lait en beurre et fromage.<\/li>\n<\/ul>\n<p>Partenaires\u00a0financiers\u00a0: Province de l\u2019Oudalan\u00a0 et Ouagadougou avec l\u2019appui de l\u2019ambassade du Danemark au Burkina<\/p>\n","protected":false},"excerpt":{"rendered":"<p>Formation et plaidoyer pour la scolarisation des filles Renforcement des capacit\u00e9s\u00a0 de 30\u00a0 animatrices\u00a0 form\u00e9es par Tin Hinane en alphab\u00e9tisation et sensibilisation\u00a0 \u00e0 travers le th\u00e9\u00e2tre forum des communaut\u00e9s pastorales sur l\u2019int\u00e9r\u00eat de la scolarisation des filles.\u00a0 Cr\u00e9ation de la<\/p>\n","protected":false},"author":5,"featured_media":0,"parent":92,"menu_order":0,"comment_status":"closed","ping_status":"closed","template":"","meta":{"footnotes":""},"class_list":["post-102","page","type-page","status-publish","hentry"],"_links":{"self":[{"href":"http:\/\/www.tin-hinane.org\/index.php\/wp-json\/wp\/v2\/pages\/102","targetHints":{"allow":["GET"]}}],"collection":[{"href":"http:\/\/www.tin-hinane.org\/index.php\/wp-json\/wp\/v2\/pages"}],"about":[{"href":"http:\/\/www.tin-hinane.org\/index.php\/wp-json\/wp\/v2\/types\/page"}],"author":[{"embeddable":true,"href":"http:\/\/www.tin-hinane.org\/index.php\/wp-json\/wp\/v2\/users\/5"}],"replies":[{"embeddable":true,"href":"http:\/\/www.tin-hinane.org\/index.php\/wp-json\/wp\/v2\/comments?post=102"}],"version-history":[{"count":2,"href":"http:\/\/www.tin-hinane.org\/index.php\/wp-json\/wp\/v2\/pages\/102\/revisions"}],"predecessor-version":[{"id":386,"href":"http:\/\/www.tin-hinane.org\/index.php\/wp-json\/wp\/v2\/pages\/102\/revisions\/386"}],"up":[{"embeddable":true,"href":"http:\/\/www.tin-hinane.org\/index.php\/wp-json\/wp\/v2\/pages\/92"}],"wp:attachment":[{"href":"http:\/\/www.tin-hinane.org\/index.php\/wp-json\/wp\/v2\/media?parent=102"}],"curies":[{"name":"wp","href":"https:\/\/api.w.org\/{rel}","templated":true}]}}